{"id":4355,"date":"2025-06-08T03:29:18","date_gmt":"2025-06-08T03:29:18","guid":{"rendered":"https:\/\/davidpolophoto.com\/?post_type=product&#038;p=4355"},"modified":"2026-03-01T10:18:02","modified_gmt":"2026-03-01T10:18:02","slug":"la-danza-de-los-caporales","status":"publish","type":"product","link":"https:\/\/davidpolophoto.com\/en\/product\/la-danza-de-los-caporales\/","title":{"rendered":"La danza de los caporales"},"content":{"rendered":"<p>&#8220;Siluetas de unos danzantes apasionados, recortadas sobre el piso por la luz del atardecer&#8221;<\/p>\n<p>Museum-quality collectible. Printed on 190gsm acid-free Hahnenm\u00fchle cotton paper. Each piece is signed, numbered, and shipped with a certificate of authenticity.<br \/>\n<b>Marco de madera de cedro, encino o banak, con vidrio museogr\u00e1fico anti reflejos TruVue, respaldo Peterboro libre de \u00e1cido y marialuisa libre de \u00e1cido<\/b><\/p>\n<h4>Free shipping to all of Mexico<\/h4>","protected":false},"excerpt":{"rendered":"<p>&#8220;Siluetas de unos danzantes apasionados, recortadas sobre el piso por la luz del atardecer&#8221;<\/p>\n<p>Museum-quality collectible. Printed on 190gsm acid-free Hahnenm\u00fchle cotton paper. Each piece is signed, numbered, and shipped with a certificate of authenticity.<br \/>\n<b>Marco de madera de cedro, encino o banak, con vidrio museogr\u00e1fico anti reflejos TruVue, respaldo Peterboro libre de \u00e1cido y marialuisa libre de \u00e1cido<\/b><\/p>\n<h4>Free shipping to all of Mexico<\/h4>","protected":false},"featured_media":4382,"comment_status":"open","ping_status":"closed","template":"","meta":{"_acf_changed":false,"_eb_attr":"","om_disable_all_campaigns":false,"_monsterinsights_skip_tracking":false,"_monsterinsights_sitenote_active":false,"_monsterinsights_sitenote_note":"","_monsterinsights_sitenote_category":0,"_uf_show_specific_survey":0,"_uf_disable_surveys":false,"site-sidebar-layout":"default","site-content-layout":"","ast-site-content-layout":"default","site-content-style":"default","site-sidebar-style":"default","ast-global-header-display":"","ast-banner-title-visibility":"","ast-main-header-display":"","ast-hfb-above-header-display":"","ast-hfb-below-header-display":"","ast-hfb-mobile-header-display":"","site-post-title":"","ast-breadcrumbs-content":"","ast-featured-img":"","footer-sml-layout":"","ast-disable-related-posts":"","theme-transparent-header-meta":"default","adv-header-id-meta":"","stick-header-meta":"","header-above-stick-meta":"","header-main-stick-meta":"","header-below-stick-meta":"","astra-migrate-meta-layouts":"set","ast-page-background-enabled":"default","ast-page-background-meta":{"desktop":{"background-color":"var(--ast-global-color-4)","background-image":"","background-repeat":"repeat","background-position":"center center","background-size":"auto","background-attachment":"scroll","background-type":"","background-media":"","overlay-type":"","overlay-color":"","overlay-opacity":"","overlay-gradient":""},"tablet":{"background-color":"","background-image":"","background-repeat":"repeat","background-position":"center center","background-size":"auto","background-attachment":"scroll","background-type":"","background-media":"","overlay-type":"","overlay-color":"","overlay-opacity":"","overlay-gradient":""},"mobile":{"background-color":"","background-image":"","background-repeat":"repeat","background-position":"center center","background-size":"auto","background-attachment":"scroll","background-type":"","background-media":"","overlay-type":"","overlay-color":"","overlay-opacity":"","overlay-gradient":""}},"ast-content-background-meta":{"desktop":{"background-color":"var(--ast-global-color-5)","background-image":"","background-repeat":"repeat","background-position":"center center","background-size":"auto","background-attachment":"scroll","background-type":"","background-media":"","overlay-type":"","overlay-color":"","overlay-opacity":"","overlay-gradient":""},"tablet":{"background-color":"var(--ast-global-color-5)","background-image":"","background-repeat":"repeat","background-position":"center center","background-size":"auto","background-attachment":"scroll","background-type":"","background-media":"","overlay-type":"","overlay-color":"","overlay-opacity":"","overlay-gradient":""},"mobile":{"background-color":"var(--ast-global-color-5)","background-image":"","background-repeat":"repeat","background-position":"center center","background-size":"auto","background-attachment":"scroll","background-type":"","background-media":"","overlay-type":"","overlay-color":"","overlay-opacity":"","overlay-gradient":""}}},"product_brand":[],"product_cat":[119],"product_tag":[],"class_list":{"0":"post-4355","1":"product","2":"type-product","3":"status-publish","4":"has-post-thumbnail","6":"product_cat-vida-en-mexico","7":"desktop-align-center","8":"tablet-align-center","9":"mobile-align-center","11":"first","12":"instock","13":"shipping-taxable","14":"purchasable","15":"product-type-variable"},"acf":[],"aioseo_notices":[],"yoast_head":"<!-- This site is optimized with the Yoast SEO plugin v27.3 - https:\/\/yoast.com\/product\/yoast-seo-wordpress\/ -->\n<title>La danza de los caporales - David Polo<\/title>\n<meta name=\"robots\" content=\"index, follow, max-snippet:-1, max-image-preview:large, max-video-preview:-1\" \/>\n<link rel=\"canonical\" href=\"https:\/\/davidpolophoto.com\/en\/product\/la-danza-de-los-caporales\/\" \/>\n<meta property=\"og:locale\" content=\"en_GB\" \/>\n<meta property=\"og:type\" content=\"article\" \/>\n<meta property=\"og:title\" content=\"La danza de los caporales - David Polo\" \/>\n<meta property=\"og:description\" content=\"&quot;Siluetas de unos danzantes apasionados, recortadas sobre el piso por la luz del atardecer&quot;  Obra coleccionable con calidad museo. Impresa en papel de algod\u00f3n hahnenm\u00fchle de 190 gr libre de \u00e1cido. Cada pieza se env\u00eda firmada, numerada y con certificado de autenticidad. Marco de madera de cedro, encino o banak, con vidrio museogr\u00e1fico anti reflejos TruVue, respaldo Peterboro libre de \u00e1cido y marialuisa libre de \u00e1cido Env\u00edo gratis a todo M\u00e9xico\" \/>\n<meta property=\"og:url\" content=\"https:\/\/davidpolophoto.com\/en\/product\/la-danza-de-los-caporales\/\" \/>\n<meta property=\"og:site_name\" content=\"David Polo\" \/>\n<meta property=\"article:modified_time\" content=\"2026-03-01T10:18:02+00:00\" \/>\n<meta property=\"og:image\" content=\"https:\/\/davidpolophoto.com\/wp-content\/uploads\/2025\/06\/20150725-La-danza-de-los-caporales-1-scaled.jpg\" \/>\n\t<meta property=\"og:image:width\" content=\"2560\" \/>\n\t<meta property=\"og:image:height\" content=\"2467\" \/>\n\t<meta property=\"og:image:type\" content=\"image\/jpeg\" \/>\n<meta name=\"twitter:card\" content=\"summary_large_image\" \/>\n<meta name=\"twitter:label1\" content=\"Estimated reading time\" \/>\n\t<meta name=\"twitter:data1\" content=\"1 minute\" \/>\n<script type=\"application\/ld+json\" class=\"yoast-schema-graph\">{\"@context\":\"https:\\\/\\\/schema.org\",\"@graph\":[{\"@type\":\"WebPage\",\"@id\":\"https:\\\/\\\/davidpolophoto.com\\\/producto\\\/la-danza-de-los-caporales\\\/\",\"url\":\"https:\\\/\\\/davidpolophoto.com\\\/producto\\\/la-danza-de-los-caporales\\\/\",\"name\":\"La danza de los caporales - David Polo\",\"isPartOf\":{\"@id\":\"https:\\\/\\\/davidpolophoto.com\\\/#website\"},\"primaryImageOfPage\":{\"@id\":\"https:\\\/\\\/davidpolophoto.com\\\/producto\\\/la-danza-de-los-caporales\\\/#primaryimage\"},\"image\":{\"@id\":\"https:\\\/\\\/davidpolophoto.com\\\/producto\\\/la-danza-de-los-caporales\\\/#primaryimage\"},\"thumbnailUrl\":\"https:\\\/\\\/davidpolophoto.com\\\/wp-content\\\/uploads\\\/2025\\\/06\\\/20150725-La-danza-de-los-caporales-1-scaled.jpg\",\"datePublished\":\"2025-06-08T03:29:18+00:00\",\"dateModified\":\"2026-03-01T10:18:02+00:00\",\"breadcrumb\":{\"@id\":\"https:\\\/\\\/davidpolophoto.com\\\/producto\\\/la-danza-de-los-caporales\\\/#breadcrumb\"},\"inLanguage\":\"en-GB\",\"potentialAction\":[{\"@type\":\"ReadAction\",\"target\":[\"https:\\\/\\\/davidpolophoto.com\\\/producto\\\/la-danza-de-los-caporales\\\/\"]}]},{\"@type\":\"ImageObject\",\"inLanguage\":\"en-GB\",\"@id\":\"https:\\\/\\\/davidpolophoto.com\\\/producto\\\/la-danza-de-los-caporales\\\/#primaryimage\",\"url\":\"https:\\\/\\\/davidpolophoto.com\\\/wp-content\\\/uploads\\\/2025\\\/06\\\/20150725-La-danza-de-los-caporales-1-scaled.jpg\",\"contentUrl\":\"https:\\\/\\\/davidpolophoto.com\\\/wp-content\\\/uploads\\\/2025\\\/06\\\/20150725-La-danza-de-los-caporales-1-scaled.jpg\",\"width\":2560,\"height\":2467,\"caption\":\"Blank frame in white interior. Advertising, gallery concept. Mock up, 3D Rendering\"},{\"@type\":\"BreadcrumbList\",\"@id\":\"https:\\\/\\\/davidpolophoto.com\\\/producto\\\/la-danza-de-los-caporales\\\/#breadcrumb\",\"itemListElement\":[{\"@type\":\"ListItem\",\"position\":1,\"name\":\"Home\",\"item\":\"https:\\\/\\\/davidpolophoto.com\\\/\"},{\"@type\":\"ListItem\",\"position\":2,\"name\":\"Shop\",\"item\":\"https:\\\/\\\/davidpolophoto.com\\\/shop\\\/\"},{\"@type\":\"ListItem\",\"position\":3,\"name\":\"La danza de los caporales\"}]},{\"@type\":\"WebSite\",\"@id\":\"https:\\\/\\\/davidpolophoto.com\\\/#website\",\"url\":\"https:\\\/\\\/davidpolophoto.com\\\/\",\"name\":\"David Polo\",\"description\":\"\",\"publisher\":{\"@id\":\"https:\\\/\\\/davidpolophoto.com\\\/#organization\"},\"potentialAction\":[{\"@type\":\"SearchAction\",\"target\":{\"@type\":\"EntryPoint\",\"urlTemplate\":\"https:\\\/\\\/davidpolophoto.com\\\/?s={search_term_string}\"},\"query-input\":{\"@type\":\"PropertyValueSpecification\",\"valueRequired\":true,\"valueName\":\"search_term_string\"}}],\"inLanguage\":\"en-GB\"},{\"@type\":\"Organization\",\"@id\":\"https:\\\/\\\/davidpolophoto.com\\\/#organization\",\"name\":\"David Polo\",\"url\":\"https:\\\/\\\/davidpolophoto.com\\\/\",\"logo\":{\"@type\":\"ImageObject\",\"inLanguage\":\"en-GB\",\"@id\":\"https:\\\/\\\/davidpolophoto.com\\\/#\\\/schema\\\/logo\\\/image\\\/\",\"url\":\"https:\\\/\\\/davidpolophoto.com\\\/wp-content\\\/uploads\\\/2022\\\/10\\\/cropped-cropped-Logo2016blanco-1.png\",\"contentUrl\":\"https:\\\/\\\/davidpolophoto.com\\\/wp-content\\\/uploads\\\/2022\\\/10\\\/cropped-cropped-Logo2016blanco-1.png\",\"width\":500,\"height\":500,\"caption\":\"David Polo\"},\"image\":{\"@id\":\"https:\\\/\\\/davidpolophoto.com\\\/#\\\/schema\\\/logo\\\/image\\\/\"}}]}<\/script>\n<!-- \/ Yoast SEO plugin. -->","yoast_head_json":{"title":"La danza de los caporales - David Polo","robots":{"index":"index","follow":"follow","max-snippet":"max-snippet:-1","max-image-preview":"max-image-preview:large","max-video-preview":"max-video-preview:-1"},"canonical":"https:\/\/davidpolophoto.com\/en\/product\/la-danza-de-los-caporales\/","og_locale":"en_GB","og_type":"article","og_title":"La danza de los caporales - David Polo","og_description":"\"Siluetas de unos danzantes apasionados, recortadas sobre el piso por la luz del atardecer\"  Obra coleccionable con calidad museo. Impresa en papel de algod\u00f3n hahnenm\u00fchle de 190 gr libre de \u00e1cido. Cada pieza se env\u00eda firmada, numerada y con certificado de autenticidad. Marco de madera de cedro, encino o banak, con vidrio museogr\u00e1fico anti reflejos TruVue, respaldo Peterboro libre de \u00e1cido y marialuisa libre de \u00e1cido Env\u00edo gratis a todo M\u00e9xico","og_url":"https:\/\/davidpolophoto.com\/en\/product\/la-danza-de-los-caporales\/","og_site_name":"David Polo","article_modified_time":"2026-03-01T10:18:02+00:00","og_image":[{"width":2560,"height":2467,"url":"https:\/\/davidpolophoto.com\/wp-content\/uploads\/2025\/06\/20150725-La-danza-de-los-caporales-1-scaled.jpg","type":"image\/jpeg"}],"twitter_card":"summary_large_image","twitter_misc":{"Estimated reading time":"1 minute"},"schema":{"@context":"https:\/\/schema.org","@graph":[{"@type":"WebPage","@id":"https:\/\/davidpolophoto.com\/producto\/la-danza-de-los-caporales\/","url":"https:\/\/davidpolophoto.com\/producto\/la-danza-de-los-caporales\/","name":"La danza de los caporales - David Polo","isPartOf":{"@id":"https:\/\/davidpolophoto.com\/#website"},"primaryImageOfPage":{"@id":"https:\/\/davidpolophoto.com\/producto\/la-danza-de-los-caporales\/#primaryimage"},"image":{"@id":"https:\/\/davidpolophoto.com\/producto\/la-danza-de-los-caporales\/#primaryimage"},"thumbnailUrl":"https:\/\/davidpolophoto.com\/wp-content\/uploads\/2025\/06\/20150725-La-danza-de-los-caporales-1-scaled.jpg","datePublished":"2025-06-08T03:29:18+00:00","dateModified":"2026-03-01T10:18:02+00:00","breadcrumb":{"@id":"https:\/\/davidpolophoto.com\/producto\/la-danza-de-los-caporales\/#breadcrumb"},"inLanguage":"en-GB","potentialAction":[{"@type":"ReadAction","target":["https:\/\/davidpolophoto.com\/producto\/la-danza-de-los-caporales\/"]}]},{"@type":"ImageObject","inLanguage":"en-GB","@id":"https:\/\/davidpolophoto.com\/producto\/la-danza-de-los-caporales\/#primaryimage","url":"https:\/\/davidpolophoto.com\/wp-content\/uploads\/2025\/06\/20150725-La-danza-de-los-caporales-1-scaled.jpg","contentUrl":"https:\/\/davidpolophoto.com\/wp-content\/uploads\/2025\/06\/20150725-La-danza-de-los-caporales-1-scaled.jpg","width":2560,"height":2467,"caption":"Blank frame in white interior. Advertising, gallery concept. Mock up, 3D Rendering"},{"@type":"BreadcrumbList","@id":"https:\/\/davidpolophoto.com\/producto\/la-danza-de-los-caporales\/#breadcrumb","itemListElement":[{"@type":"ListItem","position":1,"name":"Home","item":"https:\/\/davidpolophoto.com\/"},{"@type":"ListItem","position":2,"name":"Shop","item":"https:\/\/davidpolophoto.com\/shop\/"},{"@type":"ListItem","position":3,"name":"La danza de los caporales"}]},{"@type":"WebSite","@id":"https:\/\/davidpolophoto.com\/#website","url":"https:\/\/davidpolophoto.com\/","name":"David Polo","description":"","publisher":{"@id":"https:\/\/davidpolophoto.com\/#organization"},"potentialAction":[{"@type":"SearchAction","target":{"@type":"EntryPoint","urlTemplate":"https:\/\/davidpolophoto.com\/?s={search_term_string}"},"query-input":{"@type":"PropertyValueSpecification","valueRequired":true,"valueName":"search_term_string"}}],"inLanguage":"en-GB"},{"@type":"Organization","@id":"https:\/\/davidpolophoto.com\/#organization","name":"David Polo","url":"https:\/\/davidpolophoto.com\/","logo":{"@type":"ImageObject","inLanguage":"en-GB","@id":"https:\/\/davidpolophoto.com\/#\/schema\/logo\/image\/","url":"https:\/\/davidpolophoto.com\/wp-content\/uploads\/2022\/10\/cropped-cropped-Logo2016blanco-1.png","contentUrl":"https:\/\/davidpolophoto.com\/wp-content\/uploads\/2022\/10\/cropped-cropped-Logo2016blanco-1.png","width":500,"height":500,"caption":"David Polo"},"image":{"@id":"https:\/\/davidpolophoto.com\/#\/schema\/logo\/image\/"}}]}},"jetpack_sharing_enabled":true,"_links":{"self":[{"href":"https:\/\/davidpolophoto.com\/en\/wp-json\/wp\/v2\/product\/4355","targetHints":{"allow":["GET"]}}],"collection":[{"href":"https:\/\/davidpolophoto.com\/en\/wp-json\/wp\/v2\/product"}],"about":[{"href":"https:\/\/davidpolophoto.com\/en\/wp-json\/wp\/v2\/types\/product"}],"replies":[{"embeddable":true,"href":"https:\/\/davidpolophoto.com\/en\/wp-json\/wp\/v2\/comments?post=4355"}],"version-history":[{"count":3,"href":"https:\/\/davidpolophoto.com\/en\/wp-json\/wp\/v2\/product\/4355\/revisions"}],"predecessor-version":[{"id":4398,"href":"https:\/\/davidpolophoto.com\/en\/wp-json\/wp\/v2\/product\/4355\/revisions\/4398"}],"wp:featuredmedia":[{"embeddable":true,"href":"https:\/\/davidpolophoto.com\/en\/wp-json\/wp\/v2\/media\/4382"}],"wp:attachment":[{"href":"https:\/\/davidpolophoto.com\/en\/wp-json\/wp\/v2\/media?parent=4355"}],"wp:term":[{"taxonomy":"product_brand","embeddable":true,"href":"https:\/\/davidpolophoto.com\/en\/wp-json\/wp\/v2\/product_brand?post=4355"},{"taxonomy":"product_cat","embeddable":true,"href":"https:\/\/davidpolophoto.com\/en\/wp-json\/wp\/v2\/product_cat?post=4355"},{"taxonomy":"product_tag","embeddable":true,"href":"https:\/\/davidpolophoto.com\/en\/wp-json\/wp\/v2\/product_tag?post=4355"}],"curies":[{"name":"wp","href":"https:\/\/api.w.org\/{rel}","templated":true}]}}